{"id":8443,"date":"2026-02-26T17:24:25","date_gmt":"2026-02-26T17:24:25","guid":{"rendered":"https:\/\/piniinsurance.com\/solicita-un-presupuesto\/"},"modified":"2026-05-11T16:25:22","modified_gmt":"2026-05-11T16:25:22","slug":"solicita-un-presupuesto","status":"publish","type":"page","link":"https:\/\/piniinsurance.com\/es\/solicita-un-presupuesto\/","title":{"rendered":"Solicita un presupuesto"},"content":{"rendered":"\t\t<div data-elementor-type=\"wp-page\" data-elementor-id=\"8443\" class=\"elementor elementor-8443 elementor-6146\" data-elementor-post-type=\"page\">\n\t\t\t\t<div class=\"elementor-element elementor-element-9bd7c3e e-flex e-con-boxed e-con e-parent\" data-id=\"9bd7c3e\" data-element_type=\"container\" data-e-type=\"container\">\n\t\t\t\t\t<div class=\"e-con-inner\">\n\t\t<div class=\"elementor-element elementor-element-39e5898 e-con-full elementor-hidden-tablet elementor-hidden-mobile e-flex e-con e-child\" data-id=\"39e5898\" data-element_type=\"container\" data-e-type=\"container\">\n\t\t\t\t<div class=\"elementor-element elementor-element-b48eed9 elementor-widget elementor-widget-image\" data-id=\"b48eed9\" data-element_type=\"widget\" data-e-type=\"widget\" data-widget_type=\"image.default\">\n\t\t\t\t<div class=\"elementor-widget-container\">\n\t\t\t\t\t\t\t\t\t\t\t\t\t\t\t<img fetchpriority=\"high\" decoding=\"async\" width=\"341\" height=\"564\" src=\"https:\/\/piniinsurance.com\/wp-content\/uploads\/2026\/04\/mascota-1.webp\" class=\"attachment-full size-full wp-image-8442\" alt=\"\" srcset=\"https:\/\/piniinsurance.com\/wp-content\/uploads\/2026\/04\/mascota-1.webp 341w, https:\/\/piniinsurance.com\/wp-content\/uploads\/2026\/04\/mascota-1-181x300.webp 181w\" sizes=\"(max-width: 341px) 100vw, 341px\" \/>\t\t\t\t\t\t\t\t\t\t\t\t\t\t\t<\/div>\n\t\t\t\t<\/div>\n\t\t\t\t<\/div>\n\t\t<div class=\"elementor-element elementor-element-07ad7f2 e-con-full pini-contact-form-wrap compact-contact-form e-flex e-con e-child\" data-id=\"07ad7f2\" data-element_type=\"container\" data-e-type=\"container\">\n\t\t\t\t<div class=\"elementor-element elementor-element-ed3319c elementor-widget elementor-widget-shortcode\" data-id=\"ed3319c\" data-element_type=\"widget\" data-e-type=\"widget\" data-widget_type=\"shortcode.default\">\n\t\t\t\t<div class=\"elementor-widget-container\">\n\t\t\t\t\t\t\t<div class=\"elementor-shortcode\">\n<div class=\"wpcf7 no-js\" id=\"wpcf7-f8522-o1\" lang=\"es-ES\" dir=\"ltr\" data-wpcf7-id=\"8522\">\n<div class=\"screen-reader-response\"><p role=\"status\" aria-live=\"polite\" aria-atomic=\"true\"><\/p> <ul><\/ul><\/div>\n<form action=\"\/es\/wp-json\/wp\/v2\/pages\/8443#wpcf7-f8522-o1\" method=\"post\" class=\"wpcf7-form init\" aria-label=\"Formulario de contacto\" novalidate=\"novalidate\" data-status=\"init\">\n<fieldset class=\"hidden-fields-container\"><input type=\"hidden\" name=\"_wpcf7\" value=\"8522\" \/><input type=\"hidden\" name=\"_wpcf7_version\" value=\"6.1.5\" \/><input type=\"hidden\" name=\"_wpcf7_locale\" value=\"es_ES\" \/><input type=\"hidden\" name=\"_wpcf7_unit_tag\" value=\"wpcf7-f8522-o1\" \/><input type=\"hidden\" name=\"_wpcf7_container_post\" value=\"0\" \/><input type=\"hidden\" name=\"_wpcf7_posted_data_hash\" value=\"\" \/><input type=\"hidden\" name=\"pini_location_id\" value=\"0\" \/><input type=\"hidden\" name=\"pini_location_name\" value=\"HQ\" \/><input type=\"hidden\" name=\"pini_location_type\" value=\"hq\" \/><input type=\"hidden\" name=\"pini_is_franchise\" value=\"0\" \/><input type=\"hidden\" name=\"pini_is_co\" value=\"0\" \/><input type=\"hidden\" name=\"pini_page_url\" value=\"https:\/\/piniinsurance.com\/es\/wp-json\/wp\/v2\/pages\/8443\" \/>\n<\/fieldset>\n<p class=\"form-note\">Los campos marcados con * son obligatorios.\n<\/p>\n<div class=\"pini-form-grid\">\n\t<div class=\"pini-field pini-field-full\">\n\t\t<p><label>Nombre completo* <span class=\"sr-only\">(obligatorio)<\/span><br \/>\n<span class=\"wpcf7-form-control-wrap\" data-name=\"full-name\"><input size=\"40\" maxlength=\"400\" class=\"wpcf7-form-control wpcf7-text wpcf7-validates-as-required\" autocomplete=\"name\" aria-required=\"true\" aria-invalid=\"false\" placeholder=\"Introduzca su nombre completo\" value=\"\" type=\"text\" name=\"full-name\" \/><\/span><br \/>\n<\/label>\n\t\t<\/p>\n\t<\/div>\n\t<div class=\"pini-field pini-field-full\">\n\t\t<p><label>Tel\u00e9fono* <span class=\"sr-only\">(obligatorio)<\/span><br \/>\n<span class=\"wpcf7-form-control-wrap\" data-name=\"phone\"><input size=\"40\" maxlength=\"400\" class=\"wpcf7-form-control wpcf7-tel wpcf7-validates-as-required wpcf7-text wpcf7-validates-as-tel\" autocomplete=\"tel\" aria-required=\"true\" aria-invalid=\"false\" placeholder=\"(000) 000-0000\" value=\"\" type=\"tel\" name=\"phone\" \/><\/span><br \/>\n<\/label>\n\t\t<\/p>\n\t<\/div>\n\t<div class=\"pini-field pini-field-full\">\n\t\t<p><label>C\u00f3digo postal* <span class=\"sr-only\">(obligatorio)<\/span><br \/>\n<span class=\"wpcf7-form-control-wrap\" data-name=\"zip\"><input size=\"40\" maxlength=\"10\" class=\"wpcf7-form-control wpcf7-text wpcf7-validates-as-required\" aria-required=\"true\" aria-invalid=\"false\" placeholder=\"Introduzca el c\u00f3digo postal\" value=\"\" type=\"text\" name=\"zip\" \/><\/span><br \/>\n<\/label>\n\t\t<\/p>\n\t<\/div>\n\t<div class=\"pini-field pini-field-full\">\n\t\t<p><label>Tipo de cobertura* <span class=\"sr-only\">(obligatorio)<\/span><br \/>\n<span class=\"wpcf7-form-control-wrap\" data-name=\"coverage_type\"><select class=\"wpcf7-form-control wpcf7-select wpcf7-validates-as-required\" aria-required=\"true\" aria-invalid=\"false\" name=\"coverage_type\"><option value=\"Auto\">Auto<\/option><option value=\"Hogar\">Hogar<\/option><option value=\"Comercial\">Comercial<\/option><option value=\"Vida\">Vida<\/option><option value=\"Otro\">Otro<\/option><\/select><\/span><br \/>\n<\/label>\n\t\t<\/p>\n\t<\/div>\n\t<div class=\"pini-field pini-field-full pini-acceptance-row\">\n\t\t<p><span class=\"wpcf7-form-control-wrap\" data-name=\"your-consent\"><span class=\"wpcf7-form-control wpcf7-acceptance\"><span class=\"wpcf7-list-item\"><label><input type=\"checkbox\" name=\"your-consent\" value=\"1\" aria-invalid=\"false\" \/><span class=\"wpcf7-list-item-label\">Consiento ser contactado por PINI Insurance y acepto los <a href=\"\/terms-and-conditions\">T\u00e9rminos y Condiciones<\/a> y la <a href=\"\/privacy-policy\">Pol\u00edtica de Privacidad.<\/a><\/span><\/label><\/span><\/span><\/span>\n\t\t<\/p>\n\t<\/div>\n\t<details class=\"pini-field pini-field-full pini-more-info\">\n\t\t<summary>A\u00f1adir m\u00e1s informaci\u00f3n (opcional)\n\t\t<\/summary>\n\t\t<p><label>Correo electr\u00f3nico<br \/>\n<span class=\"wpcf7-form-control-wrap\" data-name=\"email\"><input size=\"40\" maxlength=\"400\" class=\"wpcf7-form-control wpcf7-email wpcf7-text wpcf7-validates-as-email\" autocomplete=\"email\" aria-invalid=\"false\" placeholder=\"Introduzca su correo electr\u00f3nico\" value=\"\" type=\"email\" name=\"email\" \/><\/span><br \/>\n<\/label>\n\t\t<\/p>\n\t\t<p><label>Direcci\u00f3n<br \/>\n<span class=\"wpcf7-form-control-wrap\" data-name=\"address\"><input size=\"40\" maxlength=\"400\" class=\"wpcf7-form-control wpcf7-text\" aria-invalid=\"false\" placeholder=\"Introduzca su direcci\u00f3n\" value=\"\" type=\"text\" name=\"address\" \/><\/span><br \/>\n<\/label>\n\t\t<\/p>\n\t\t<p><label>M\u00e9todo de contacto preferido<br \/>\n<span class=\"wpcf7-form-control-wrap\" data-name=\"contact_method\"><select class=\"wpcf7-form-control wpcf7-select\" aria-invalid=\"false\" name=\"contact_method\"><option value=\"Seleccionar\">Seleccionar<\/option><option value=\"Llamada telef\u00f3nica\">Llamada telef\u00f3nica<\/option><option value=\"Mensaje de texto\">Mensaje de texto<\/option><option value=\"Correo electr\u00f3nico\">Correo electr\u00f3nico<\/option><\/select><\/span><br \/>\n<\/label>\n\t\t<\/p>\n\t\t<p><label>Detalles<br \/>\n<span class=\"wpcf7-form-control-wrap\" data-name=\"details\"><textarea cols=\"40\" rows=\"10\" maxlength=\"2000\" class=\"wpcf7-form-control wpcf7-textarea pini-textarea-small\" aria-invalid=\"false\" placeholder=\"Cu\u00e9ntenos m\u00e1s sobre lo que necesita\" name=\"details\"><\/textarea><\/span><br \/>\n<\/label>\n\t\t<\/p>\n\t<\/details>\n\t<div class=\"pini-field pini-field-full\">\n\t\t<p><span id=\"wpcf7-6a03b2cd8f980-wrapper\" class=\"wpcf7-form-control-wrap pini_hp-wrap\" style=\"display:none !important; visibility:hidden !important;\"><label for=\"wpcf7-6a03b2cd8f980-field\" class=\"hp-message\">Por favor, deja este campo vac\u00edo.<\/label><input id=\"wpcf7-6a03b2cd8f980-field\"  class=\"wpcf7-form-control wpcf7-text\" type=\"text\" name=\"pini_hp\" value=\"\" size=\"40\" tabindex=\"-1\" autocomplete=\"new-password\" \/><\/span><br \/>\n<div class=\"cf7-cf-turnstile\" style=\"margin-top: 0px; margin-bottom: -15px;\"> <div id=\"cf-turnstile-cf7-235502606\" class=\"cf-turnstile\" data-sitekey=\"0x4AAAAAAC_DUz3AuPN-0JiN\" data-theme=\"light\" data-language=\"auto\" data-size=\"normal\" data-retry=\"auto\" data-retry-interval=\"1000\" data-refresh-expired=\"auto\" data-refresh-timeout=\"auto\" data-action=\"contact-form-7\" data-callback=\"turnstileCF7Callback\" data-appearance=\"always\"><\/div> <script>document.addEventListener(\"DOMContentLoaded\", function() { setTimeout(function(){ var e=document.getElementById(\"cf-turnstile-cf7-235502606\"); if(e&&!e.innerHTML.trim()){turnstile.render(e, {sitekey:\"0x4AAAAAAC_DUz3AuPN-0JiN\"});} }, 200); });<\/script> <br class=\"cf-turnstile-br cf-turnstile-br-cf7-235502606\"> <style>#cf-turnstile-cf7-235502606 { margin-left: -15px; }<\/style> <script>document.addEventListener(\"DOMContentLoaded\",function(){document.querySelectorAll('.wpcf7-form').forEach(function(e){e.addEventListener('submit',function(){if(document.getElementById('cf-turnstile-cf7-235502606')){setTimeout(function(){turnstile.reset('#cf-turnstile-cf7-235502606');},1000)}})})});<\/script> <\/div>\n\t\t<\/p>\n\t<\/div>\n\t<div class=\"pini-field pini-field-full pini-submit-row\">\n\t\t<p><input class=\"wpcf7-form-control wpcf7-submit has-spinner\" type=\"submit\" value=\"Obtener mi presupuesto\" \/>\n\t\t<\/p>\n\t<\/div>\n<\/div><div class=\"wpcf7-response-output\" aria-hidden=\"true\"><\/div>\n<\/form>\n<\/div>\n<\/div>\n\t\t\t\t\t\t<\/div>\n\t\t\t\t<\/div>\n\t\t\t\t<\/div>\n\t\t\t\t\t<\/div>\n\t\t\t\t<\/div>\n\t\t\t\t<\/div>\n\t\t","protected":false},"excerpt":{"rendered":"","protected":false},"author":4,"featured_media":0,"parent":0,"menu_order":0,"comment_status":"closed","ping_status":"closed","template":"","meta":{"_acf_changed":false,"site-sidebar-layout":"no-sidebar","site-content-layout":"page-builder","ast-site-content-layout":"full-width-container","site-content-style":"default","site-sidebar-style":"default","ast-global-header-display":"","ast-banner-title-visibility":"","ast-main-header-display":"","ast-hfb-above-header-display":"","ast-hfb-below-header-display":"","ast-hfb-mobile-header-display":"","site-post-title":"disabled","ast-breadcrumbs-content":"","ast-featured-img":"disabled","footer-sml-layout":"","ast-disable-related-posts":"","theme-transparent-header-meta":"","adv-header-id-meta":"","stick-header-meta":"","header-above-stick-meta":"","header-main-stick-meta":"","header-below-stick-meta":"","astra-migrate-meta-layouts":"default","ast-page-background-enabled":"default","ast-page-background-meta":{"desktop":{"background-color":"","background-image":"","background-repeat":"repeat","background-position":"center center","background-size":"auto","background-attachment":"scroll","background-type":"","background-media":"","overlay-type":"","overlay-color":"","overlay-opacity":"","overlay-gradient":""},"tablet":{"background-color":"","background-image":"","background-repeat":"repeat","background-position":"center center","background-size":"auto","background-attachment":"scroll","background-type":"","background-media":"","overlay-type":"","overlay-color":"","overlay-opacity":"","overlay-gradient":""},"mobile":{"background-color":"","background-image":"","background-repeat":"repeat","background-position":"center center","background-size":"auto","background-attachment":"scroll","background-type":"","background-media":"","overlay-type":"","overlay-color":"","overlay-opacity":"","overlay-gradient":""}},"ast-content-background-meta":{"desktop":{"background-color":"var(--ast-global-color-4)","background-image":"","background-repeat":"repeat","background-position":"center center","background-size":"auto","background-attachment":"scroll","background-type":"","background-media":"","overlay-type":"","overlay-color":"","overlay-opacity":"","overlay-gradient":""},"tablet":{"background-color":"var(--ast-global-color-4)","background-image":"","background-repeat":"repeat","background-position":"center center","background-size":"auto","background-attachment":"scroll","background-type":"","background-media":"","overlay-type":"","overlay-color":"","overlay-opacity":"","overlay-gradient":""},"mobile":{"background-color":"var(--ast-global-color-4)","background-image":"","background-repeat":"repeat","background-position":"center center","background-size":"auto","background-attachment":"scroll","background-type":"","background-media":"","overlay-type":"","overlay-color":"","overlay-opacity":"","overlay-gradient":""}},"footnotes":""},"class_list":["post-8443","page","type-page","status-publish","hentry"],"acf":[],"yoast_head":"<!-- This site is optimized with the Yoast SEO plugin v27.5 - https:\/\/yoast.com\/product\/yoast-seo-wordpress\/ -->\n<title>Solicita un presupuesto - Pini Insurance<\/title>\n<meta name=\"robots\" content=\"index, follow, max-snippet:-1, max-image-preview:large, max-video-preview:-1\" \/>\n<link rel=\"canonical\" href=\"https:\/\/piniinsurance.com\/es\/solicita-un-presupuesto\/\" \/>\n<meta property=\"og:locale\" content=\"es_ES\" \/>\n<meta property=\"og:type\" content=\"article\" \/>\n<meta property=\"og:title\" content=\"Solicita un presupuesto - Pini Insurance\" \/>\n<meta property=\"og:url\" content=\"https:\/\/piniinsurance.com\/es\/solicita-un-presupuesto\/\" \/>\n<meta property=\"og:site_name\" content=\"Pini Insurance\" \/>\n<meta property=\"article:publisher\" content=\"https:\/\/www.facebook.com\/Pini.Insurance\" \/>\n<meta property=\"article:modified_time\" content=\"2026-05-11T16:25:22+00:00\" \/>\n<meta property=\"og:image\" content=\"https:\/\/piniinsurance.com\/wp-content\/uploads\/2026\/04\/mascota-1.webp\" \/>\n\t<meta property=\"og:image:width\" content=\"341\" \/>\n\t<meta property=\"og:image:height\" content=\"564\" \/>\n\t<meta property=\"og:image:type\" content=\"image\/webp\" \/>\n<meta name=\"twitter:card\" content=\"summary_large_image\" \/>\n<script type=\"application\/ld+json\" class=\"yoast-schema-graph\">{\"@context\":\"https:\\\/\\\/schema.org\",\"@graph\":[{\"@type\":\"WebPage\",\"@id\":\"https:\\\/\\\/piniinsurance.com\\\/es\\\/solicita-un-presupuesto\\\/\",\"url\":\"https:\\\/\\\/piniinsurance.com\\\/es\\\/solicita-un-presupuesto\\\/\",\"name\":\"Solicita un presupuesto - Pini Insurance\",\"isPartOf\":{\"@id\":\"https:\\\/\\\/piniinsurance.com\\\/es\\\/#website\"},\"primaryImageOfPage\":{\"@id\":\"https:\\\/\\\/piniinsurance.com\\\/es\\\/solicita-un-presupuesto\\\/#primaryimage\"},\"image\":{\"@id\":\"https:\\\/\\\/piniinsurance.com\\\/es\\\/solicita-un-presupuesto\\\/#primaryimage\"},\"thumbnailUrl\":\"https:\\\/\\\/piniinsurance.com\\\/wp-content\\\/uploads\\\/2026\\\/04\\\/mascota-1.webp\",\"datePublished\":\"2026-02-26T17:24:25+00:00\",\"dateModified\":\"2026-05-11T16:25:22+00:00\",\"breadcrumb\":{\"@id\":\"https:\\\/\\\/piniinsurance.com\\\/es\\\/solicita-un-presupuesto\\\/#breadcrumb\"},\"inLanguage\":\"es\",\"potentialAction\":[{\"@type\":\"ReadAction\",\"target\":[\"https:\\\/\\\/piniinsurance.com\\\/es\\\/solicita-un-presupuesto\\\/\"]}]},{\"@type\":\"ImageObject\",\"inLanguage\":\"es\",\"@id\":\"https:\\\/\\\/piniinsurance.com\\\/es\\\/solicita-un-presupuesto\\\/#primaryimage\",\"url\":\"https:\\\/\\\/piniinsurance.com\\\/wp-content\\\/uploads\\\/2026\\\/04\\\/mascota-1.webp\",\"contentUrl\":\"https:\\\/\\\/piniinsurance.com\\\/wp-content\\\/uploads\\\/2026\\\/04\\\/mascota-1.webp\"},{\"@type\":\"BreadcrumbList\",\"@id\":\"https:\\\/\\\/piniinsurance.com\\\/es\\\/solicita-un-presupuesto\\\/#breadcrumb\",\"itemListElement\":[{\"@type\":\"ListItem\",\"position\":1,\"name\":\"Home\",\"item\":\"https:\\\/\\\/piniinsurance.com\\\/es\\\/inicio\\\/\"},{\"@type\":\"ListItem\",\"position\":2,\"name\":\"Solicita un presupuesto\"}]},{\"@type\":\"WebSite\",\"@id\":\"https:\\\/\\\/piniinsurance.com\\\/es\\\/#website\",\"url\":\"https:\\\/\\\/piniinsurance.com\\\/es\\\/\",\"name\":\"Pini Insurance\",\"description\":\"\",\"publisher\":{\"@id\":\"https:\\\/\\\/piniinsurance.com\\\/es\\\/#organization\"},\"potentialAction\":[{\"@type\":\"SearchAction\",\"target\":{\"@type\":\"EntryPoint\",\"urlTemplate\":\"https:\\\/\\\/piniinsurance.com\\\/es\\\/?s={search_term_string}\"},\"query-input\":{\"@type\":\"PropertyValueSpecification\",\"valueRequired\":true,\"valueName\":\"search_term_string\"}}],\"inLanguage\":\"es\"},{\"@type\":\"Organization\",\"@id\":\"https:\\\/\\\/piniinsurance.com\\\/es\\\/#organization\",\"name\":\"Pini Insurance\",\"url\":\"https:\\\/\\\/piniinsurance.com\\\/es\\\/\",\"logo\":{\"@type\":\"ImageObject\",\"inLanguage\":\"es\",\"@id\":\"https:\\\/\\\/piniinsurance.com\\\/es\\\/#\\\/schema\\\/logo\\\/image\\\/\",\"url\":\"https:\\\/\\\/piniinsurance.com\\\/wp-content\\\/uploads\\\/2026\\\/04\\\/cropped-new-logo-pini.png\",\"contentUrl\":\"https:\\\/\\\/piniinsurance.com\\\/wp-content\\\/uploads\\\/2026\\\/04\\\/cropped-new-logo-pini.png\",\"width\":120,\"height\":86,\"caption\":\"Pini Insurance\"},\"image\":{\"@id\":\"https:\\\/\\\/piniinsurance.com\\\/es\\\/#\\\/schema\\\/logo\\\/image\\\/\"},\"sameAs\":[\"https:\\\/\\\/www.facebook.com\\\/Pini.Insurance\",\"https:\\\/\\\/www.instagram.com\\\/piniinsurance\\\/\",\"https:\\\/\\\/www.linkedin.com\\\/company\\\/pini-insurance\\\/\"]}]}<\/script>\n<!-- \/ Yoast SEO plugin. -->","yoast_head_json":{"title":"Solicita un presupuesto - Pini Insurance","robots":{"index":"index","follow":"follow","max-snippet":"max-snippet:-1","max-image-preview":"max-image-preview:large","max-video-preview":"max-video-preview:-1"},"canonical":"https:\/\/piniinsurance.com\/es\/solicita-un-presupuesto\/","og_locale":"es_ES","og_type":"article","og_title":"Solicita un presupuesto - Pini Insurance","og_url":"https:\/\/piniinsurance.com\/es\/solicita-un-presupuesto\/","og_site_name":"Pini Insurance","article_publisher":"https:\/\/www.facebook.com\/Pini.Insurance","article_modified_time":"2026-05-11T16:25:22+00:00","og_image":[{"width":341,"height":564,"url":"https:\/\/piniinsurance.com\/wp-content\/uploads\/2026\/04\/mascota-1.webp","type":"image\/webp"}],"twitter_card":"summary_large_image","schema":{"@context":"https:\/\/schema.org","@graph":[{"@type":"WebPage","@id":"https:\/\/piniinsurance.com\/es\/solicita-un-presupuesto\/","url":"https:\/\/piniinsurance.com\/es\/solicita-un-presupuesto\/","name":"Solicita un presupuesto - Pini Insurance","isPartOf":{"@id":"https:\/\/piniinsurance.com\/es\/#website"},"primaryImageOfPage":{"@id":"https:\/\/piniinsurance.com\/es\/solicita-un-presupuesto\/#primaryimage"},"image":{"@id":"https:\/\/piniinsurance.com\/es\/solicita-un-presupuesto\/#primaryimage"},"thumbnailUrl":"https:\/\/piniinsurance.com\/wp-content\/uploads\/2026\/04\/mascota-1.webp","datePublished":"2026-02-26T17:24:25+00:00","dateModified":"2026-05-11T16:25:22+00:00","breadcrumb":{"@id":"https:\/\/piniinsurance.com\/es\/solicita-un-presupuesto\/#breadcrumb"},"inLanguage":"es","potentialAction":[{"@type":"ReadAction","target":["https:\/\/piniinsurance.com\/es\/solicita-un-presupuesto\/"]}]},{"@type":"ImageObject","inLanguage":"es","@id":"https:\/\/piniinsurance.com\/es\/solicita-un-presupuesto\/#primaryimage","url":"https:\/\/piniinsurance.com\/wp-content\/uploads\/2026\/04\/mascota-1.webp","contentUrl":"https:\/\/piniinsurance.com\/wp-content\/uploads\/2026\/04\/mascota-1.webp"},{"@type":"BreadcrumbList","@id":"https:\/\/piniinsurance.com\/es\/solicita-un-presupuesto\/#breadcrumb","itemListElement":[{"@type":"ListItem","position":1,"name":"Home","item":"https:\/\/piniinsurance.com\/es\/inicio\/"},{"@type":"ListItem","position":2,"name":"Solicita un presupuesto"}]},{"@type":"WebSite","@id":"https:\/\/piniinsurance.com\/es\/#website","url":"https:\/\/piniinsurance.com\/es\/","name":"Pini Insurance","description":"","publisher":{"@id":"https:\/\/piniinsurance.com\/es\/#organization"},"potentialAction":[{"@type":"SearchAction","target":{"@type":"EntryPoint","urlTemplate":"https:\/\/piniinsurance.com\/es\/?s={search_term_string}"},"query-input":{"@type":"PropertyValueSpecification","valueRequired":true,"valueName":"search_term_string"}}],"inLanguage":"es"},{"@type":"Organization","@id":"https:\/\/piniinsurance.com\/es\/#organization","name":"Pini Insurance","url":"https:\/\/piniinsurance.com\/es\/","logo":{"@type":"ImageObject","inLanguage":"es","@id":"https:\/\/piniinsurance.com\/es\/#\/schema\/logo\/image\/","url":"https:\/\/piniinsurance.com\/wp-content\/uploads\/2026\/04\/cropped-new-logo-pini.png","contentUrl":"https:\/\/piniinsurance.com\/wp-content\/uploads\/2026\/04\/cropped-new-logo-pini.png","width":120,"height":86,"caption":"Pini Insurance"},"image":{"@id":"https:\/\/piniinsurance.com\/es\/#\/schema\/logo\/image\/"},"sameAs":["https:\/\/www.facebook.com\/Pini.Insurance","https:\/\/www.instagram.com\/piniinsurance\/","https:\/\/www.linkedin.com\/company\/pini-insurance\/"]}]}},"_links":{"self":[{"href":"https:\/\/piniinsurance.com\/es\/wp-json\/wp\/v2\/pages\/8443","targetHints":{"allow":["GET"]}}],"collection":[{"href":"https:\/\/piniinsurance.com\/es\/wp-json\/wp\/v2\/pages"}],"about":[{"href":"https:\/\/piniinsurance.com\/es\/wp-json\/wp\/v2\/types\/page"}],"author":[{"embeddable":true,"href":"https:\/\/piniinsurance.com\/es\/wp-json\/wp\/v2\/users\/4"}],"replies":[{"embeddable":true,"href":"https:\/\/piniinsurance.com\/es\/wp-json\/wp\/v2\/comments?post=8443"}],"version-history":[{"count":1,"href":"https:\/\/piniinsurance.com\/es\/wp-json\/wp\/v2\/pages\/8443\/revisions"}],"predecessor-version":[{"id":8444,"href":"https:\/\/piniinsurance.com\/es\/wp-json\/wp\/v2\/pages\/8443\/revisions\/8444"}],"wp:attachment":[{"href":"https:\/\/piniinsurance.com\/es\/wp-json\/wp\/v2\/media?parent=8443"}],"curies":[{"name":"wp","href":"https:\/\/api.w.org\/{rel}","templated":true}]}}