{"id":8501,"date":"2026-04-14T17:56:48","date_gmt":"2026-04-14T17:56:48","guid":{"rendered":"https:\/\/piniinsurance.com\/programa-de-recomendacion\/"},"modified":"2026-05-11T17:09:18","modified_gmt":"2026-05-11T17:09:18","slug":"programa-de-recomendacion","status":"publish","type":"page","link":"https:\/\/piniinsurance.com\/es\/programa-de-recomendacion\/","title":{"rendered":"Programa de recomendaci\u00f3n"},"content":{"rendered":"\t\t<div data-elementor-type=\"wp-page\" data-elementor-id=\"8501\" class=\"elementor elementor-8501 elementor-7382\" data-elementor-post-type=\"page\">\n\t\t\t\t<div class=\"elementor-element elementor-element-39b3102e e-con-full hero e-flex e-con e-parent\" data-id=\"39b3102e\" data-element_type=\"container\" data-e-type=\"container\" data-settings=\"{&quot;background_background&quot;:&quot;slideshow&quot;,&quot;background_slideshow_gallery&quot;:[{&quot;id&quot;:8499,&quot;url&quot;:&quot;https:\\\/\\\/piniinsurance.com\\\/wp-content\\\/uploads\\\/2026\\\/04\\\/banner_referral2.webp&quot;}],&quot;background_slideshow_loop&quot;:&quot;yes&quot;,&quot;background_slideshow_slide_duration&quot;:5000,&quot;background_slideshow_slide_transition&quot;:&quot;fade&quot;,&quot;background_slideshow_transition_duration&quot;:500}\">\n\t\t<div class=\"elementor-element elementor-element-cf33729 e-con-full e-flex e-con e-child\" data-id=\"cf33729\" data-element_type=\"container\" data-e-type=\"container\">\n\t\t\t\t<div class=\"elementor-element elementor-element-7135770b elementor-widget elementor-widget-heading\" data-id=\"7135770b\" data-element_type=\"widget\" data-e-type=\"widget\" data-widget_type=\"heading.default\">\n\t\t\t\t<div class=\"elementor-widget-container\">\n\t\t\t\t\t<h2 class=\"elementor-heading-title elementor-size-default\">Programa de recomendaci\u00f3n<\/h2>\t\t\t\t<\/div>\n\t\t\t\t<\/div>\n\t\t\t\t<\/div>\n\t\t\t\t<\/div>\n\t\t<div class=\"elementor-element elementor-element-9752267 e-flex e-con-boxed e-con e-child\" data-id=\"9752267\" data-element_type=\"container\" data-e-type=\"container\">\n\t\t\t\t\t<div class=\"e-con-inner\">\n\t\t<div class=\"elementor-element elementor-element-444a1b1 e-con-full e-flex e-con e-child\" data-id=\"444a1b1\" data-element_type=\"container\" data-e-type=\"container\">\n\t\t\t\t<div class=\"elementor-element elementor-element-ada59b7 elementor-widget elementor-widget-image\" data-id=\"ada59b7\" data-element_type=\"widget\" data-e-type=\"widget\" data-widget_type=\"image.default\">\n\t\t\t\t<div class=\"elementor-widget-container\">\n\t\t\t\t\t\t\t\t\t\t\t\t\t\t\t<img fetchpriority=\"high\" decoding=\"async\" width=\"633\" height=\"939\" src=\"https:\/\/piniinsurance.com\/wp-content\/uploads\/2026\/04\/referral.webp\" class=\"attachment-large size-large wp-image-8500\" alt=\"\" srcset=\"https:\/\/piniinsurance.com\/wp-content\/uploads\/2026\/04\/referral.webp 633w, https:\/\/piniinsurance.com\/wp-content\/uploads\/2026\/04\/referral-202x300.webp 202w\" sizes=\"(max-width: 633px) 100vw, 633px\" \/>\t\t\t\t\t\t\t\t\t\t\t\t\t\t\t<\/div>\n\t\t\t\t<\/div>\n\t\t\t\t<\/div>\n\t\t<div class=\"elementor-element elementor-element-381d316 e-con-full e-flex e-con e-child\" data-id=\"381d316\" data-element_type=\"container\" data-e-type=\"container\">\n\t\t\t\t<div class=\"elementor-element elementor-element-655dfbf elementor-widget elementor-widget-heading\" data-id=\"655dfbf\" data-element_type=\"widget\" data-e-type=\"widget\" data-widget_type=\"heading.default\">\n\t\t\t\t<div class=\"elementor-widget-container\">\n\t\t\t\t\t<h2 class=\"elementor-heading-title elementor-size-default\">Programa de recomendaci\u00f3n\n<\/h2>\t\t\t\t<\/div>\n\t\t\t\t<\/div>\n\t\t\t\t<div class=\"elementor-element elementor-element-dee7f67 elementor-widget elementor-widget-text-editor\" data-id=\"dee7f67\" data-element_type=\"widget\" data-e-type=\"widget\" data-widget_type=\"text-editor.default\">\n\t\t\t\t<div class=\"elementor-widget-container\">\n\t\t\t\t\t\t\t\t\t<div class=\"wpb_text_column wpb_content_element \"><div class=\"wpb_wrapper\"><p style=\"text-align: left;\">Gran parte de nuestro crecimiento se ha visto impulsado por las recomendaciones de clientes satisfechos. Para mostrar nuestro agradecimiento, nos gustar\u00eda recompensar a los clientes que nos recomiendan. Hemos establecido un nuevo programa de recomendaci\u00f3n que le recompensar\u00e1 por su confianza en nosotros y su disposici\u00f3n a recomendarnos a otras personas.<\/p><p style=\"text-align: left;\"><strong>As\u00ed es como funciona el programa de recompensas por recomendaci\u00f3n\u2026<\/strong><\/p><p style=\"text-align: left;\">Pida a sus amigos, familiares, compa\u00f1eros de trabajo o vecinos que se pongan en contacto con nosotros para solicitar un presupuesto sin compromiso para su seguro de coche, hogar o negocio. Cuando su recomendado se ponga en contacto con nosotros y nos diga que usted se lo ha recomendado (no se preocupe, siempre lo preguntamos) y, despu\u00e9s de que se una oficialmente a la familia PINI, le enviaremos una tarjeta regalo Visa de 25 $. \u00a1As\u00ed de sencillo!<\/p><p style=\"text-align: left;\"><strong>As\u00ed es como puede recomendar:<\/strong><br>Llame al <a href=\"http:\/\/TEL:305-420-6022\"><span style=\"color: #000000;\">305-420-6022<\/span><\/a><br>Env\u00ede un correo electr\u00f3nico a <a href=\"mailto:vanessag@piniinsurance.com\"><span style=\"color: #000000;\">vanessag@piniinsurance.com<\/span><\/a><\/p><p style=\"text-align: left;\"><strong>Todo concurso tiene que tener algunas reglas. As\u00ed que aqu\u00ed est\u00e1 la letra peque\u00f1a<\/strong><\/p><ul><li style=\"text-align: left;\">Los prospectos recomendados deben convertirse en nuestros clientes para que la parte que recomienda reciba la recompensa.<\/li><li style=\"text-align: left;\">El programa est\u00e1 abierto a cualquier persona mayor de 18 a\u00f1os que recomiende a un prospecto.<\/li><li style=\"text-align: left;\">Se considera recomendaci\u00f3n cuando la agencia dispone de toda la informaci\u00f3n necesaria para proporcionar un presupuesto.<\/li><li style=\"text-align: left;\">Este programa puede modificarse o cancelarse en cualquier momento sin previo aviso.<\/li><li style=\"text-align: left;\">Nulo donde lo proh\u00edba la ley.<\/li><li style=\"text-align: left;\">El recomendado debe tener una p\u00f3liza activa durante 90 d\u00edas.<\/li><\/ul><\/div><\/div>\t\t\t\t\t\t\t\t<\/div>\n\t\t\t\t<\/div>\n\t\t<div class=\"elementor-element elementor-element-cb523e5 e-con-full e-flex e-con e-child\" data-id=\"cb523e5\" data-element_type=\"container\" data-e-type=\"container\">\n\t\t\t\t<div class=\"elementor-element elementor-element-96c75ae elementor-widget elementor-widget-button\" data-id=\"96c75ae\" data-element_type=\"widget\" data-e-type=\"widget\" data-widget_type=\"button.default\">\n\t\t\t\t<div class=\"elementor-widget-container\">\n\t\t\t\t\t\t\t\t\t<div class=\"elementor-button-wrapper\">\n\t\t\t\t\t<a class=\"elementor-button elementor-button-link elementor-size-sm\" href=\"https:\/\/piniinsurance.com\/es\/recomiende-a-un-amigo\/\">\n\t\t\t\t\t\t<span class=\"elementor-button-content-wrapper\">\n\t\t\t\t\t\t\t\t\t<span class=\"elementor-button-text\">Recomiende a un amigo<\/span>\n\t\t\t\t\t<\/span>\n\t\t\t\t\t<\/a>\n\t\t\t\t<\/div>\n\t\t\t\t\t\t\t\t<\/div>\n\t\t\t\t<\/div>\n\t\t\t\t<\/div>\n\t\t\t\t<\/div>\n\t\t\t\t\t<\/div>\n\t\t\t\t<\/div>\n\t\t\t\t<\/div>\n\t\t","protected":false},"excerpt":{"rendered":"<p>Programa de recomendaci\u00f3n Programa de recomendaci\u00f3n Gran parte de nuestro crecimiento se ha visto impulsado por las recomendaciones de clientes satisfechos. Para mostrar nuestro agradecimiento, nos gustar\u00eda recompensar a los clientes que nos recomiendan. Hemos establecido un nuevo programa de recomendaci\u00f3n que le recompensar\u00e1 por su confianza en nosotros y su disposici\u00f3n a recomendarnos a [&hellip;]<\/p>\n","protected":false},"author":4,"featured_media":0,"parent":0,"menu_order":0,"comment_status":"closed","ping_status":"closed","template":"elementor_header_footer","meta":{"_acf_changed":false,"site-sidebar-layout":"default","site-content-layout":"","ast-site-content-layout":"full-width-container","site-content-style":"default","site-sidebar-style":"default","ast-global-header-display":"","ast-banner-title-visibility":"","ast-main-header-display":"","ast-hfb-above-header-display":"","ast-hfb-below-header-display":"","ast-hfb-mobile-header-display":"","site-post-title":"disabled","ast-breadcrumbs-content":"","ast-featured-img":"","footer-sml-layout":"","ast-disable-related-posts":"","theme-transparent-header-meta":"","adv-header-id-meta":"","stick-header-meta":"","header-above-stick-meta":"","header-main-stick-meta":"","header-below-stick-meta":"","astra-migrate-meta-layouts":"default","ast-page-background-enabled":"default","ast-page-background-meta":{"desktop":{"background-color":"","background-image":"","background-repeat":"repeat","background-position":"center center","background-size":"auto","background-attachment":"scroll","background-type":"","background-media":"","overlay-type":"","overlay-color":"","overlay-opacity":"","overlay-gradient":""},"tablet":{"background-color":"","background-image":"","background-repeat":"repeat","background-position":"center center","background-size":"auto","background-attachment":"scroll","background-type":"","background-media":"","overlay-type":"","overlay-color":"","overlay-opacity":"","overlay-gradient":""},"mobile":{"background-color":"","background-image":"","background-repeat":"repeat","background-position":"center center","background-size":"auto","background-attachment":"scroll","background-type":"","background-media":"","overlay-type":"","overlay-color":"","overlay-opacity":"","overlay-gradient":""}},"ast-content-background-meta":{"desktop":{"background-color":"var(--ast-global-color-4)","background-image":"","background-repeat":"repeat","background-position":"center center","background-size":"auto","background-attachment":"scroll","background-type":"","background-media":"","overlay-type":"","overlay-color":"","overlay-opacity":"","overlay-gradient":""},"tablet":{"background-color":"var(--ast-global-color-4)","background-image":"","background-repeat":"repeat","background-position":"center center","background-size":"auto","background-attachment":"scroll","background-type":"","background-media":"","overlay-type":"","overlay-color":"","overlay-opacity":"","overlay-gradient":""},"mobile":{"background-color":"var(--ast-global-color-4)","background-image":"","background-repeat":"repeat","background-position":"center center","background-size":"auto","background-attachment":"scroll","background-type":"","background-media":"","overlay-type":"","overlay-color":"","overlay-opacity":"","overlay-gradient":""}},"footnotes":""},"class_list":["post-8501","page","type-page","status-publish","hentry"],"acf":[],"yoast_head":"<!-- This site is optimized with the Yoast SEO plugin v27.5 - https:\/\/yoast.com\/product\/yoast-seo-wordpress\/ -->\n<title>Programa de recomendaci\u00f3n - Pini Insurance<\/title>\n<meta name=\"robots\" content=\"index, follow, max-snippet:-1, max-image-preview:large, max-video-preview:-1\" \/>\n<link rel=\"canonical\" href=\"https:\/\/piniinsurance.com\/es\/programa-de-recomendacion\/\" \/>\n<meta property=\"og:locale\" content=\"es_ES\" \/>\n<meta property=\"og:type\" content=\"article\" \/>\n<meta property=\"og:title\" content=\"Programa de recomendaci\u00f3n - Pini Insurance\" \/>\n<meta property=\"og:description\" content=\"Programa de recomendaci\u00f3n Programa de recomendaci\u00f3n Gran parte de nuestro crecimiento se ha visto impulsado por las recomendaciones de clientes satisfechos. Para mostrar nuestro agradecimiento, nos gustar\u00eda recompensar a los clientes que nos recomiendan. Hemos establecido un nuevo programa de recomendaci\u00f3n que le recompensar\u00e1 por su confianza en nosotros y su disposici\u00f3n a recomendarnos a [&hellip;]\" \/>\n<meta property=\"og:url\" content=\"https:\/\/piniinsurance.com\/es\/programa-de-recomendacion\/\" \/>\n<meta property=\"og:site_name\" content=\"Pini Insurance\" \/>\n<meta property=\"article:publisher\" content=\"https:\/\/www.facebook.com\/Pini.Insurance\" \/>\n<meta property=\"article:modified_time\" content=\"2026-05-11T17:09:18+00:00\" \/>\n<meta property=\"og:image\" content=\"https:\/\/piniinsurance.com\/wp-content\/uploads\/2026\/04\/referral.webp\" \/>\n\t<meta property=\"og:image:width\" content=\"633\" \/>\n\t<meta property=\"og:image:height\" content=\"939\" \/>\n\t<meta property=\"og:image:type\" content=\"image\/webp\" \/>\n<meta name=\"twitter:card\" content=\"summary_large_image\" \/>\n<meta name=\"twitter:label1\" content=\"Tiempo de lectura\" \/>\n\t<meta name=\"twitter:data1\" content=\"1 minuto\" \/>\n<script type=\"application\/ld+json\" class=\"yoast-schema-graph\">{\"@context\":\"https:\\\/\\\/schema.org\",\"@graph\":[{\"@type\":\"WebPage\",\"@id\":\"https:\\\/\\\/piniinsurance.com\\\/es\\\/programa-de-recomendacion\\\/\",\"url\":\"https:\\\/\\\/piniinsurance.com\\\/es\\\/programa-de-recomendacion\\\/\",\"name\":\"Programa de recomendaci\u00f3n - Pini Insurance\",\"isPartOf\":{\"@id\":\"https:\\\/\\\/piniinsurance.com\\\/es\\\/#website\"},\"primaryImageOfPage\":{\"@id\":\"https:\\\/\\\/piniinsurance.com\\\/es\\\/programa-de-recomendacion\\\/#primaryimage\"},\"image\":{\"@id\":\"https:\\\/\\\/piniinsurance.com\\\/es\\\/programa-de-recomendacion\\\/#primaryimage\"},\"thumbnailUrl\":\"https:\\\/\\\/piniinsurance.com\\\/wp-content\\\/uploads\\\/2026\\\/04\\\/referral.webp\",\"datePublished\":\"2026-04-14T17:56:48+00:00\",\"dateModified\":\"2026-05-11T17:09:18+00:00\",\"breadcrumb\":{\"@id\":\"https:\\\/\\\/piniinsurance.com\\\/es\\\/programa-de-recomendacion\\\/#breadcrumb\"},\"inLanguage\":\"es\",\"potentialAction\":[{\"@type\":\"ReadAction\",\"target\":[\"https:\\\/\\\/piniinsurance.com\\\/es\\\/programa-de-recomendacion\\\/\"]}]},{\"@type\":\"ImageObject\",\"inLanguage\":\"es\",\"@id\":\"https:\\\/\\\/piniinsurance.com\\\/es\\\/programa-de-recomendacion\\\/#primaryimage\",\"url\":\"https:\\\/\\\/piniinsurance.com\\\/wp-content\\\/uploads\\\/2026\\\/04\\\/referral.webp\",\"contentUrl\":\"https:\\\/\\\/piniinsurance.com\\\/wp-content\\\/uploads\\\/2026\\\/04\\\/referral.webp\"},{\"@type\":\"BreadcrumbList\",\"@id\":\"https:\\\/\\\/piniinsurance.com\\\/es\\\/programa-de-recomendacion\\\/#breadcrumb\",\"itemListElement\":[{\"@type\":\"ListItem\",\"position\":1,\"name\":\"Home\",\"item\":\"https:\\\/\\\/piniinsurance.com\\\/es\\\/inicio\\\/\"},{\"@type\":\"ListItem\",\"position\":2,\"name\":\"Programa de recomendaci\u00f3n\"}]},{\"@type\":\"WebSite\",\"@id\":\"https:\\\/\\\/piniinsurance.com\\\/es\\\/#website\",\"url\":\"https:\\\/\\\/piniinsurance.com\\\/es\\\/\",\"name\":\"Pini Insurance\",\"description\":\"\",\"publisher\":{\"@id\":\"https:\\\/\\\/piniinsurance.com\\\/es\\\/#organization\"},\"potentialAction\":[{\"@type\":\"SearchAction\",\"target\":{\"@type\":\"EntryPoint\",\"urlTemplate\":\"https:\\\/\\\/piniinsurance.com\\\/es\\\/?s={search_term_string}\"},\"query-input\":{\"@type\":\"PropertyValueSpecification\",\"valueRequired\":true,\"valueName\":\"search_term_string\"}}],\"inLanguage\":\"es\"},{\"@type\":\"Organization\",\"@id\":\"https:\\\/\\\/piniinsurance.com\\\/es\\\/#organization\",\"name\":\"Pini Insurance\",\"url\":\"https:\\\/\\\/piniinsurance.com\\\/es\\\/\",\"logo\":{\"@type\":\"ImageObject\",\"inLanguage\":\"es\",\"@id\":\"https:\\\/\\\/piniinsurance.com\\\/es\\\/#\\\/schema\\\/logo\\\/image\\\/\",\"url\":\"https:\\\/\\\/piniinsurance.com\\\/wp-content\\\/uploads\\\/2026\\\/04\\\/cropped-new-logo-pini.png\",\"contentUrl\":\"https:\\\/\\\/piniinsurance.com\\\/wp-content\\\/uploads\\\/2026\\\/04\\\/cropped-new-logo-pini.png\",\"width\":120,\"height\":86,\"caption\":\"Pini Insurance\"},\"image\":{\"@id\":\"https:\\\/\\\/piniinsurance.com\\\/es\\\/#\\\/schema\\\/logo\\\/image\\\/\"},\"sameAs\":[\"https:\\\/\\\/www.facebook.com\\\/Pini.Insurance\",\"https:\\\/\\\/www.instagram.com\\\/piniinsurance\\\/\",\"https:\\\/\\\/www.linkedin.com\\\/company\\\/pini-insurance\\\/\"]}]}<\/script>\n<!-- \/ Yoast SEO plugin. -->","yoast_head_json":{"title":"Programa de recomendaci\u00f3n - Pini Insurance","robots":{"index":"index","follow":"follow","max-snippet":"max-snippet:-1","max-image-preview":"max-image-preview:large","max-video-preview":"max-video-preview:-1"},"canonical":"https:\/\/piniinsurance.com\/es\/programa-de-recomendacion\/","og_locale":"es_ES","og_type":"article","og_title":"Programa de recomendaci\u00f3n - Pini Insurance","og_description":"Programa de recomendaci\u00f3n Programa de recomendaci\u00f3n Gran parte de nuestro crecimiento se ha visto impulsado por las recomendaciones de clientes satisfechos. Para mostrar nuestro agradecimiento, nos gustar\u00eda recompensar a los clientes que nos recomiendan. Hemos establecido un nuevo programa de recomendaci\u00f3n que le recompensar\u00e1 por su confianza en nosotros y su disposici\u00f3n a recomendarnos a [&hellip;]","og_url":"https:\/\/piniinsurance.com\/es\/programa-de-recomendacion\/","og_site_name":"Pini Insurance","article_publisher":"https:\/\/www.facebook.com\/Pini.Insurance","article_modified_time":"2026-05-11T17:09:18+00:00","og_image":[{"width":633,"height":939,"url":"https:\/\/piniinsurance.com\/wp-content\/uploads\/2026\/04\/referral.webp","type":"image\/webp"}],"twitter_card":"summary_large_image","twitter_misc":{"Tiempo de lectura":"1 minuto"},"schema":{"@context":"https:\/\/schema.org","@graph":[{"@type":"WebPage","@id":"https:\/\/piniinsurance.com\/es\/programa-de-recomendacion\/","url":"https:\/\/piniinsurance.com\/es\/programa-de-recomendacion\/","name":"Programa de recomendaci\u00f3n - Pini Insurance","isPartOf":{"@id":"https:\/\/piniinsurance.com\/es\/#website"},"primaryImageOfPage":{"@id":"https:\/\/piniinsurance.com\/es\/programa-de-recomendacion\/#primaryimage"},"image":{"@id":"https:\/\/piniinsurance.com\/es\/programa-de-recomendacion\/#primaryimage"},"thumbnailUrl":"https:\/\/piniinsurance.com\/wp-content\/uploads\/2026\/04\/referral.webp","datePublished":"2026-04-14T17:56:48+00:00","dateModified":"2026-05-11T17:09:18+00:00","breadcrumb":{"@id":"https:\/\/piniinsurance.com\/es\/programa-de-recomendacion\/#breadcrumb"},"inLanguage":"es","potentialAction":[{"@type":"ReadAction","target":["https:\/\/piniinsurance.com\/es\/programa-de-recomendacion\/"]}]},{"@type":"ImageObject","inLanguage":"es","@id":"https:\/\/piniinsurance.com\/es\/programa-de-recomendacion\/#primaryimage","url":"https:\/\/piniinsurance.com\/wp-content\/uploads\/2026\/04\/referral.webp","contentUrl":"https:\/\/piniinsurance.com\/wp-content\/uploads\/2026\/04\/referral.webp"},{"@type":"BreadcrumbList","@id":"https:\/\/piniinsurance.com\/es\/programa-de-recomendacion\/#breadcrumb","itemListElement":[{"@type":"ListItem","position":1,"name":"Home","item":"https:\/\/piniinsurance.com\/es\/inicio\/"},{"@type":"ListItem","position":2,"name":"Programa de recomendaci\u00f3n"}]},{"@type":"WebSite","@id":"https:\/\/piniinsurance.com\/es\/#website","url":"https:\/\/piniinsurance.com\/es\/","name":"Pini Insurance","description":"","publisher":{"@id":"https:\/\/piniinsurance.com\/es\/#organization"},"potentialAction":[{"@type":"SearchAction","target":{"@type":"EntryPoint","urlTemplate":"https:\/\/piniinsurance.com\/es\/?s={search_term_string}"},"query-input":{"@type":"PropertyValueSpecification","valueRequired":true,"valueName":"search_term_string"}}],"inLanguage":"es"},{"@type":"Organization","@id":"https:\/\/piniinsurance.com\/es\/#organization","name":"Pini Insurance","url":"https:\/\/piniinsurance.com\/es\/","logo":{"@type":"ImageObject","inLanguage":"es","@id":"https:\/\/piniinsurance.com\/es\/#\/schema\/logo\/image\/","url":"https:\/\/piniinsurance.com\/wp-content\/uploads\/2026\/04\/cropped-new-logo-pini.png","contentUrl":"https:\/\/piniinsurance.com\/wp-content\/uploads\/2026\/04\/cropped-new-logo-pini.png","width":120,"height":86,"caption":"Pini Insurance"},"image":{"@id":"https:\/\/piniinsurance.com\/es\/#\/schema\/logo\/image\/"},"sameAs":["https:\/\/www.facebook.com\/Pini.Insurance","https:\/\/www.instagram.com\/piniinsurance\/","https:\/\/www.linkedin.com\/company\/pini-insurance\/"]}]}},"_links":{"self":[{"href":"https:\/\/piniinsurance.com\/es\/wp-json\/wp\/v2\/pages\/8501","targetHints":{"allow":["GET"]}}],"collection":[{"href":"https:\/\/piniinsurance.com\/es\/wp-json\/wp\/v2\/pages"}],"about":[{"href":"https:\/\/piniinsurance.com\/es\/wp-json\/wp\/v2\/types\/page"}],"author":[{"embeddable":true,"href":"https:\/\/piniinsurance.com\/es\/wp-json\/wp\/v2\/users\/4"}],"replies":[{"embeddable":true,"href":"https:\/\/piniinsurance.com\/es\/wp-json\/wp\/v2\/comments?post=8501"}],"version-history":[{"count":1,"href":"https:\/\/piniinsurance.com\/es\/wp-json\/wp\/v2\/pages\/8501\/revisions"}],"predecessor-version":[{"id":8502,"href":"https:\/\/piniinsurance.com\/es\/wp-json\/wp\/v2\/pages\/8501\/revisions\/8502"}],"wp:attachment":[{"href":"https:\/\/piniinsurance.com\/es\/wp-json\/wp\/v2\/media?parent=8501"}],"curies":[{"name":"wp","href":"https:\/\/api.w.org\/{rel}","templated":true}]}}